{"id":17,"date":"2025-05-19T11:36:56","date_gmt":"2025-05-19T14:36:56","guid":{"rendered":"http:\/\/mecanicaromero.cl.portalesdenegocios.com\/?page_id=17"},"modified":"2025-05-28T15:31:51","modified_gmt":"2025-05-28T18:31:51","slug":"nosotros","status":"publish","type":"page","link":"https:\/\/www.mecanicaromero.cl\/index.php\/nosotros\/","title":{"rendered":"Nosotros"},"content":{"rendered":"<p>[et_pb_section fb_built=\u00bb1&#8243; _builder_version=\u00bb4.24.2&#8243; _module_preset=\u00bbdefault\u00bb background_image=\u00bbhttps:\/\/www.mecanicaromero.cl\/wp-content\/uploads\/2025\/05\/titulo-back.jpg\u00bb custom_padding=\u00bb8%||||false|false\u00bb top_divider_color=\u00bb#cd2022&#8243; top_divider_height=\u00bb22px\u00bb bottom_divider_color=\u00bb#cd2022&#8243; bottom_divider_height=\u00bb24px\u00bb bottom_divider_flip=\u00bbvertical\u00bb border_width_top=\u00bb6px\u00bb border_color_top=\u00bb#cd2022&#8243; global_colors_info=\u00bb{}\u00bb][et_pb_row _builder_version=\u00bb4.24.2&#8243; _module_preset=\u00bbdefault\u00bb global_colors_info=\u00bb{}\u00bb][et_pb_column type=\u00bb4_4&#8243; _builder_version=\u00bb4.24.2&#8243; _module_preset=\u00bbdefault\u00bb global_colors_info=\u00bb{}\u00bb][et_pb_text _builder_version=\u00bb4.24.2&#8243; _dynamic_attributes=\u00bbcontent\u00bb _module_preset=\u00bbdefault\u00bb header_3_font=\u00bb|||on|||||\u00bb header_3_text_align=\u00bbcenter\u00bb header_3_text_color=\u00bb#FFFFFF\u00bb header_3_font_size=\u00bb40px\u00bb header_3_letter_spacing=\u00bb3px\u00bb animation_style=\u00bbzoom\u00bb header_3_text_shadow_style=\u00bbpreset5&#8243; global_colors_info=\u00bb{}\u00bb]@ET-DC@eyJkeW5hbWljIjp0cnVlLCJjb250ZW50IjoicG9zdF90aXRsZSIsInNldHRpbmdzIjp7ImJlZm9yZSI6IjxoMz4iLCJhZnRlciI6IiJ9fQ==@[\/et_pb_text][\/et_pb_column][\/et_pb_row][\/et_pb_section][et_pb_section fb_built=\u00bb1&#8243; _builder_version=\u00bb4.24.2&#8243; _module_preset=\u00bbdefault\u00bb custom_padding=\u00bb||12px||false|false\u00bb top_divider_color=\u00bb#cd2022&#8243; top_divider_height=\u00bb44px\u00bb top_divider_repeat=\u00bb1x\u00bb global_colors_info=\u00bb{}\u00bb][et_pb_row column_structure=\u00bb1_3,2_3&#8243; use_custom_gutter=\u00bbon\u00bb gutter_width=\u00bb1&#8243; _builder_version=\u00bb4.24.2&#8243; _module_preset=\u00bbdefault\u00bb global_colors_info=\u00bb{}\u00bb][et_pb_column type=\u00bb1_3&#8243; _builder_version=\u00bb4.24.2&#8243; _module_preset=\u00bbdefault\u00bb z_index=\u00bb28&#8243; global_colors_info=\u00bb{}\u00bb][et_pb_blurb title=\u00bbMec\u00e1nica automotriz &#8211; Daniel Romero\u00bb image_icon_background_color=\u00bb#FFFFFF\u00bb image=\u00bbhttps:\/\/www.mecanicaromero.cl\/wp-content\/uploads\/2025\/05\/icono-66px.png\u00bb alt=\u00bbMec\u00e1nica automotriz &#8211; Daniel Romero\u00bb image_icon_width=\u00bb64%\u00bb icon_alignment=\u00bbleft\u00bb _builder_version=\u00bb4.24.2&#8243; _module_preset=\u00bbdefault\u00bb header_level=\u00bbh1&#8243; header_text_color=\u00bb#FFFFFF\u00bb header_font_size=\u00bb20px\u00bb body_text_color=\u00bb#FFFFFF\u00bb body_line_height=\u00bb1.4em\u00bb background_color=\u00bb#cd2022&#8243; image_icon_custom_padding=\u00bb8px|8px|8px|8px|false|false\u00bb transform_scale=\u00bb105%|105%\u00bb transform_translate=\u00bb9px|30px\u00bb transform_translate_linked=\u00bboff\u00bb custom_padding=\u00bb14px|24px|24px|24px|false|false\u00bb animation_style=\u00bbzoom\u00bb animation_delay=\u00bb244ms\u00bb custom_css_blurb_image=\u00bbmargin-bottom: 22px\u00bb border_radii=\u00bboff||20px||20px\u00bb border_radii_image=\u00bbon|120px|120px|120px|120px\u00bb border_width_all_image=\u00bb1px\u00bb border_color_all_image=\u00bb#FFFFFF\u00bb box_shadow_style=\u00bbpreset4&#8243; box_shadow_horizontal=\u00bb2px\u00bb box_shadow_vertical=\u00bb1px\u00bb box_shadow_color=\u00bb#FFFFFF\u00bb global_colors_info=\u00bb{}\u00bb]<\/p>\n<p>Nos destacamos por ser una empresa con una trayectoria de m\u00e1s de 15 a\u00f1os en el rubro de mec\u00e1nica automotriz, donde ofrecemos un completo servicio de diagn\u00f3stico, fallas, prevenciones, reparaciones, electr\u00f3nica, mantenciones, servicio a domicilio y otros del rubro mismo; con mucha experiencia trabajando con multi marcas y adapt\u00e1ndonos a diferentes tecnolog\u00edas y necesidades de los clientes.<br \/>Brindando un servicio de alta calidad seguro y confiable, asegurando la satisfacci\u00f3n de los mismos clientes.<\/p>\n<p>[\/et_pb_blurb][et_pb_button button_url=\u00bb#pregunta\u00bb button_text=\u00bbVer m\u00e1s\u00bb button_alignment=\u00bbcenter\u00bb _builder_version=\u00bb4.24.2&#8243; _module_preset=\u00bbdefault\u00bb custom_button=\u00bbon\u00bb button_letter_spacing=\u00bb2px\u00bb button_font=\u00bb|600|||||||\u00bb custom_margin=\u00bb70px||12px||false|false\u00bb global_colors_info=\u00bb{}\u00bb][\/et_pb_button][\/et_pb_column][et_pb_column type=\u00bb2_3&#8243; _builder_version=\u00bb4.24.2&#8243; _module_preset=\u00bbdefault\u00bb background_enable_image=\u00bboff\u00bb custom_padding=\u00bb||||false|false\u00bb global_colors_info=\u00bb{}\u00bb][et_pb_image src=\u00bbhttps:\/\/www.mecanicaromero.cl\/wp-content\/uploads\/2025\/05\/mecanica-romero.jpg\u00bb alt=\u00bbMec\u00e1nica automotriz Pe\u00f1alol\u00e9n\u00bb title_text=\u00bbMec\u00e1nica automotriz Pe\u00f1alol\u00e9n\u00bb _builder_version=\u00bb4.24.2&#8243; _module_preset=\u00bbdefault\u00bb transform_scale=\u00bb105%|105%\u00bb animation_style=\u00bbslide\u00bb animation_direction=\u00bbright\u00bb box_shadow_style=\u00bbpreset4&#8243; box_shadow_color=\u00bb#cd2022&#8243; global_colors_info=\u00bb{}\u00bb][\/et_pb_image][\/et_pb_column][\/et_pb_row][\/et_pb_section][et_pb_section fb_built=\u00bb1&#8243; prev_background_color=\u00bb#ffffff\u00bb module_id=\u00bbpregunta\u00bb _builder_version=\u00bb4.24.2&#8243; _module_preset=\u00bbdefault\u00bb background_color=\u00bb#e5e5e5&#8243; background_image=\u00bbhttps:\/\/www.mecanicaromero.cl\/wp-content\/uploads\/2025\/05\/mecanica-automotriz.jpg\u00bb parallax=\u00bbon\u00bb parallax_method=\u00bboff\u00bb custom_padding=\u00bb80px||80px||true|\u00bb top_divider_style=\u00bbslant\u00bb top_divider_height=\u00bb54px\u00bb global_colors_info=\u00bb{}\u00bb][et_pb_row column_structure=\u00bb1_2,1_2&#8243; _builder_version=\u00bb4.24.2&#8243; _module_preset=\u00bbdefault\u00bb global_colors_info=\u00bb{}\u00bb][et_pb_column type=\u00bb1_2&#8243; _builder_version=\u00bb4.24.2&#8243; _module_preset=\u00bbdefault\u00bb global_colors_info=\u00bb{}\u00bb][et_pb_blurb title=\u00bb\u00bfPor qu\u00e9 elegirnos?\u00bb use_icon=\u00bbon\u00bb font_icon=\u00bb&#x74;||divi||400&#8243; image_icon_width=\u00bb55px\u00bb icon_alignment=\u00bbleft\u00bb _builder_version=\u00bb4.24.2&#8243; _module_preset=\u00bbdefault\u00bb header_level=\u00bbh2&#8243; header_text_align=\u00bbleft\u00bb header_text_color=\u00bb#cd2022&#8243; header_font_size=\u00bb28px\u00bb body_text_color=\u00bb#FFFFFF\u00bb body_font_size=\u00bb18px\u00bb body_line_height=\u00bb1.6em\u00bb background_color=\u00bbrgba(0,0,0,0.26)\u00bb custom_padding=\u00bb20px|18px|38px|28px|false|false\u00bb custom_css_blurb_image=\u00bbmargin-bottom: 30px\u00bb custom_css_blurb_title=\u00bbmargin-bottom: 30px\u00bb border_radii=\u00bbon|15px|15px|15px|15px\u00bb border_width_all=\u00bb1px\u00bb border_color_all=\u00bbrgba(255,255,255,0.22)\u00bb global_colors_info=\u00bb{}\u00bb]<\/p>\n<p><img loading=\"lazy\" decoding=\"async\" src=\"https:\/\/www.mecanicaromero.cl\/wp-content\/uploads\/2025\/05\/check.png\" width=\"16\" height=\"16\" alt=\"\" class=\"wp-image-159 alignnone size-full\" \/>\u00a0 Atendemos desde autos compactos hasta SUV y camionetas, tanto particulares como flotas.<br \/><img loading=\"lazy\" decoding=\"async\" src=\"https:\/\/www.mecanicaromero.cl\/wp-content\/uploads\/2025\/05\/check.png\" width=\"16\" height=\"16\" alt=\"\" class=\"wp-image-159 alignnone size-full\" \/>\u00a0 Ofrecemos soluciones integrales para el cuidado y \u00f3ptimo funcionamiento de tu veh\u00edculo.<br \/><img loading=\"lazy\" decoding=\"async\" src=\"https:\/\/www.mecanicaromero.cl\/wp-content\/uploads\/2025\/05\/check.png\" width=\"16\" height=\"16\" alt=\"\" class=\"wp-image-159 alignnone size-full\" \/>\u00a0 Repuestos originales y alternativos<br \/><img loading=\"lazy\" decoding=\"async\" src=\"https:\/\/www.mecanicaromero.cl\/wp-content\/uploads\/2025\/05\/check.png\" width=\"16\" height=\"16\" alt=\"\" class=\"wp-image-159 alignnone size-full\" \/>\u00a0 Garant\u00eda en todos nuestros trabajos<br \/><img loading=\"lazy\" decoding=\"async\" src=\"https:\/\/www.mecanicaromero.cl\/wp-content\/uploads\/2025\/05\/check.png\" width=\"16\" height=\"16\" alt=\"\" class=\"wp-image-159 alignnone size-full\" \/> \u00a0Atenci\u00f3n personalizada y precios justos<\/p>\n<p>[\/et_pb_blurb][\/et_pb_column][et_pb_column type=\u00bb1_2&#8243; _builder_version=\u00bb4.24.2&#8243; _module_preset=\u00bbdefault\u00bb global_colors_info=\u00bb{}\u00bb][et_pb_button button_url=\u00bbhttps:\/\/www.mecanicaromero.cl\/index.php\/ubicacion-y-contacto\/\u00bb button_text=\u00bbCont\u00e1ctanos\u00bb button_alignment=\u00bbcenter\u00bb _builder_version=\u00bb4.24.2&#8243; _module_preset=\u00bbdefault\u00bb custom_button=\u00bbon\u00bb button_text_color=\u00bb#FFFFFF\u00bb button_letter_spacing=\u00bb2px\u00bb custom_margin=\u00bb172px||||false|false\u00bb global_colors_info=\u00bb{}\u00bb][\/et_pb_button][\/et_pb_column][\/et_pb_row][\/et_pb_section]<\/p>\n","protected":false},"excerpt":{"rendered":"<p>Nos destacamos por ser una empresa con una trayectoria de m\u00e1s de 15 a\u00f1os en el rubro de mec\u00e1nica automotriz, donde ofrecemos un completo servicio de diagn\u00f3stico, fallas, prevenciones, reparaciones, electr\u00f3nica, mantenciones, servicio a domicilio y otros del rubro mismo; con mucha experiencia trabajando con multi marcas y adapt\u00e1ndonos a diferentes tecnolog\u00edas y necesidades de [&hellip;]<\/p>\n","protected":false},"author":1,"featured_media":0,"parent":0,"menu_order":0,"comment_status":"closed","ping_status":"closed","template":"","meta":{"_et_pb_use_builder":"on","_et_pb_old_content":"","_et_gb_content_width":"","_joinchat":[],"footnotes":""},"class_list":["post-17","page","type-page","status-publish","hentry"],"yoast_head":"<!-- This site is optimized with the Yoast SEO plugin v27.5 - https:\/\/yoast.com\/product\/yoast-seo-wordpress\/ -->\n<title>Mec\u00e1nica automotriz - Daniel Romero<\/title>\n<meta name=\"description\" content=\"Daniel Romero, diagn\u00f3stico, fallas, prevenciones, reparaciones, electr\u00f3nica, mantenciones, servicio domicilio, autos compactos hasta SUV y camionetas\" \/>\n<meta name=\"robots\" content=\"index, follow, max-snippet:-1, max-image-preview:large, max-video-preview:-1\" \/>\n<link rel=\"canonical\" href=\"https:\/\/www.mecanicaromero.cl\/index.php\/nosotros\/\" \/>\n<meta property=\"og:locale\" content=\"es_ES\" \/>\n<meta property=\"og:type\" content=\"article\" \/>\n<meta property=\"og:title\" content=\"Mec\u00e1nica automotriz - Daniel Romero\" \/>\n<meta property=\"og:description\" content=\"Daniel Romero, diagn\u00f3stico, fallas, prevenciones, reparaciones, electr\u00f3nica, mantenciones, servicio domicilio, autos compactos hasta SUV y camionetas\" \/>\n<meta property=\"og:url\" content=\"https:\/\/www.mecanicaromero.cl\/index.php\/nosotros\/\" \/>\n<meta property=\"og:site_name\" content=\"Mec\u00e1nica automotriz - Daniel Romero\" \/>\n<meta property=\"article:modified_time\" content=\"2025-05-28T18:31:51+00:00\" \/>\n<meta property=\"og:image\" content=\"https:\/\/www.mecanicaromero.cl\/wp-content\/uploads\/2025\/05\/check.png\" \/>\n<meta name=\"twitter:card\" content=\"summary_large_image\" \/>\n<meta name=\"twitter:label1\" content=\"Tiempo de lectura\" \/>\n\t<meta name=\"twitter:data1\" content=\"2 minutos\" \/>\n<script type=\"application\/ld+json\" class=\"yoast-schema-graph\">{\"@context\":\"https:\\\/\\\/schema.org\",\"@graph\":[{\"@type\":\"WebPage\",\"@id\":\"https:\\\/\\\/www.mecanicaromero.cl\\\/index.php\\\/nosotros\\\/\",\"url\":\"https:\\\/\\\/www.mecanicaromero.cl\\\/index.php\\\/nosotros\\\/\",\"name\":\"Mec\u00e1nica automotriz - Daniel Romero\",\"isPartOf\":{\"@id\":\"https:\\\/\\\/www.mecanicaromero.cl\\\/#website\"},\"primaryImageOfPage\":{\"@id\":\"https:\\\/\\\/www.mecanicaromero.cl\\\/index.php\\\/nosotros\\\/#primaryimage\"},\"image\":{\"@id\":\"https:\\\/\\\/www.mecanicaromero.cl\\\/index.php\\\/nosotros\\\/#primaryimage\"},\"thumbnailUrl\":\"https:\\\/\\\/www.mecanicaromero.cl\\\/wp-content\\\/uploads\\\/2025\\\/05\\\/check.png\",\"datePublished\":\"2025-05-19T14:36:56+00:00\",\"dateModified\":\"2025-05-28T18:31:51+00:00\",\"description\":\"Daniel Romero, diagn\u00f3stico, fallas, prevenciones, reparaciones, electr\u00f3nica, mantenciones, servicio domicilio, autos compactos hasta SUV y camionetas\",\"breadcrumb\":{\"@id\":\"https:\\\/\\\/www.mecanicaromero.cl\\\/index.php\\\/nosotros\\\/#breadcrumb\"},\"inLanguage\":\"es\",\"potentialAction\":[{\"@type\":\"ReadAction\",\"target\":[\"https:\\\/\\\/www.mecanicaromero.cl\\\/index.php\\\/nosotros\\\/\"]}]},{\"@type\":\"ImageObject\",\"inLanguage\":\"es\",\"@id\":\"https:\\\/\\\/www.mecanicaromero.cl\\\/index.php\\\/nosotros\\\/#primaryimage\",\"url\":\"https:\\\/\\\/www.mecanicaromero.cl\\\/wp-content\\\/uploads\\\/2025\\\/05\\\/check.png\",\"contentUrl\":\"https:\\\/\\\/www.mecanicaromero.cl\\\/wp-content\\\/uploads\\\/2025\\\/05\\\/check.png\",\"width\":16,\"height\":16},{\"@type\":\"BreadcrumbList\",\"@id\":\"https:\\\/\\\/www.mecanicaromero.cl\\\/index.php\\\/nosotros\\\/#breadcrumb\",\"itemListElement\":[{\"@type\":\"ListItem\",\"position\":1,\"name\":\"Portada\",\"item\":\"https:\\\/\\\/www.mecanicaromero.cl\\\/\"},{\"@type\":\"ListItem\",\"position\":2,\"name\":\"Nosotros\"}]},{\"@type\":\"WebSite\",\"@id\":\"https:\\\/\\\/www.mecanicaromero.cl\\\/#website\",\"url\":\"https:\\\/\\\/www.mecanicaromero.cl\\\/\",\"name\":\"Mec\u00e1nica automotriz - Daniel Romero\",\"description\":\"Mec\u00e1nica integral multi marca Pe\u00f1alol\u00e9n\",\"publisher\":{\"@id\":\"https:\\\/\\\/www.mecanicaromero.cl\\\/#organization\"},\"potentialAction\":[{\"@type\":\"SearchAction\",\"target\":{\"@type\":\"EntryPoint\",\"urlTemplate\":\"https:\\\/\\\/www.mecanicaromero.cl\\\/?s={search_term_string}\"},\"query-input\":{\"@type\":\"PropertyValueSpecification\",\"valueRequired\":true,\"valueName\":\"search_term_string\"}}],\"inLanguage\":\"es\"},{\"@type\":\"Organization\",\"@id\":\"https:\\\/\\\/www.mecanicaromero.cl\\\/#organization\",\"name\":\"Mec\u00e1nica automotriz - Daniel Romero\",\"url\":\"https:\\\/\\\/www.mecanicaromero.cl\\\/\",\"logo\":{\"@type\":\"ImageObject\",\"inLanguage\":\"es\",\"@id\":\"https:\\\/\\\/www.mecanicaromero.cl\\\/#\\\/schema\\\/logo\\\/image\\\/\",\"url\":\"https:\\\/\\\/www.mecanicaromero.cl\\\/wp-content\\\/uploads\\\/2025\\\/05\\\/Logo-mecanica-Romero.png\",\"contentUrl\":\"https:\\\/\\\/www.mecanicaromero.cl\\\/wp-content\\\/uploads\\\/2025\\\/05\\\/Logo-mecanica-Romero.png\",\"width\":550,\"height\":191,\"caption\":\"Mec\u00e1nica automotriz - Daniel Romero\"},\"image\":{\"@id\":\"https:\\\/\\\/www.mecanicaromero.cl\\\/#\\\/schema\\\/logo\\\/image\\\/\"}}]}<\/script>\n<!-- \/ Yoast SEO plugin. -->","yoast_head_json":{"title":"Mec\u00e1nica automotriz - Daniel Romero","description":"Daniel Romero, diagn\u00f3stico, fallas, prevenciones, reparaciones, electr\u00f3nica, mantenciones, servicio domicilio, autos compactos hasta SUV y camionetas","robots":{"index":"index","follow":"follow","max-snippet":"max-snippet:-1","max-image-preview":"max-image-preview:large","max-video-preview":"max-video-preview:-1"},"canonical":"https:\/\/www.mecanicaromero.cl\/index.php\/nosotros\/","og_locale":"es_ES","og_type":"article","og_title":"Mec\u00e1nica automotriz - Daniel Romero","og_description":"Daniel Romero, diagn\u00f3stico, fallas, prevenciones, reparaciones, electr\u00f3nica, mantenciones, servicio domicilio, autos compactos hasta SUV y camionetas","og_url":"https:\/\/www.mecanicaromero.cl\/index.php\/nosotros\/","og_site_name":"Mec\u00e1nica automotriz - Daniel Romero","article_modified_time":"2025-05-28T18:31:51+00:00","og_image":[{"url":"https:\/\/www.mecanicaromero.cl\/wp-content\/uploads\/2025\/05\/check.png","type":"","width":"","height":""}],"twitter_card":"summary_large_image","twitter_misc":{"Tiempo de lectura":"2 minutos"},"schema":{"@context":"https:\/\/schema.org","@graph":[{"@type":"WebPage","@id":"https:\/\/www.mecanicaromero.cl\/index.php\/nosotros\/","url":"https:\/\/www.mecanicaromero.cl\/index.php\/nosotros\/","name":"Mec\u00e1nica automotriz - Daniel Romero","isPartOf":{"@id":"https:\/\/www.mecanicaromero.cl\/#website"},"primaryImageOfPage":{"@id":"https:\/\/www.mecanicaromero.cl\/index.php\/nosotros\/#primaryimage"},"image":{"@id":"https:\/\/www.mecanicaromero.cl\/index.php\/nosotros\/#primaryimage"},"thumbnailUrl":"https:\/\/www.mecanicaromero.cl\/wp-content\/uploads\/2025\/05\/check.png","datePublished":"2025-05-19T14:36:56+00:00","dateModified":"2025-05-28T18:31:51+00:00","description":"Daniel Romero, diagn\u00f3stico, fallas, prevenciones, reparaciones, electr\u00f3nica, mantenciones, servicio domicilio, autos compactos hasta SUV y camionetas","breadcrumb":{"@id":"https:\/\/www.mecanicaromero.cl\/index.php\/nosotros\/#breadcrumb"},"inLanguage":"es","potentialAction":[{"@type":"ReadAction","target":["https:\/\/www.mecanicaromero.cl\/index.php\/nosotros\/"]}]},{"@type":"ImageObject","inLanguage":"es","@id":"https:\/\/www.mecanicaromero.cl\/index.php\/nosotros\/#primaryimage","url":"https:\/\/www.mecanicaromero.cl\/wp-content\/uploads\/2025\/05\/check.png","contentUrl":"https:\/\/www.mecanicaromero.cl\/wp-content\/uploads\/2025\/05\/check.png","width":16,"height":16},{"@type":"BreadcrumbList","@id":"https:\/\/www.mecanicaromero.cl\/index.php\/nosotros\/#breadcrumb","itemListElement":[{"@type":"ListItem","position":1,"name":"Portada","item":"https:\/\/www.mecanicaromero.cl\/"},{"@type":"ListItem","position":2,"name":"Nosotros"}]},{"@type":"WebSite","@id":"https:\/\/www.mecanicaromero.cl\/#website","url":"https:\/\/www.mecanicaromero.cl\/","name":"Mec\u00e1nica automotriz - Daniel Romero","description":"Mec\u00e1nica integral multi marca Pe\u00f1alol\u00e9n","publisher":{"@id":"https:\/\/www.mecanicaromero.cl\/#organization"},"potentialAction":[{"@type":"SearchAction","target":{"@type":"EntryPoint","urlTemplate":"https:\/\/www.mecanicaromero.cl\/?s={search_term_string}"},"query-input":{"@type":"PropertyValueSpecification","valueRequired":true,"valueName":"search_term_string"}}],"inLanguage":"es"},{"@type":"Organization","@id":"https:\/\/www.mecanicaromero.cl\/#organization","name":"Mec\u00e1nica automotriz - Daniel Romero","url":"https:\/\/www.mecanicaromero.cl\/","logo":{"@type":"ImageObject","inLanguage":"es","@id":"https:\/\/www.mecanicaromero.cl\/#\/schema\/logo\/image\/","url":"https:\/\/www.mecanicaromero.cl\/wp-content\/uploads\/2025\/05\/Logo-mecanica-Romero.png","contentUrl":"https:\/\/www.mecanicaromero.cl\/wp-content\/uploads\/2025\/05\/Logo-mecanica-Romero.png","width":550,"height":191,"caption":"Mec\u00e1nica automotriz - Daniel Romero"},"image":{"@id":"https:\/\/www.mecanicaromero.cl\/#\/schema\/logo\/image\/"}}]}},"_links":{"self":[{"href":"https:\/\/www.mecanicaromero.cl\/index.php\/wp-json\/wp\/v2\/pages\/17","targetHints":{"allow":["GET"]}}],"collection":[{"href":"https:\/\/www.mecanicaromero.cl\/index.php\/wp-json\/wp\/v2\/pages"}],"about":[{"href":"https:\/\/www.mecanicaromero.cl\/index.php\/wp-json\/wp\/v2\/types\/page"}],"author":[{"embeddable":true,"href":"https:\/\/www.mecanicaromero.cl\/index.php\/wp-json\/wp\/v2\/users\/1"}],"replies":[{"embeddable":true,"href":"https:\/\/www.mecanicaromero.cl\/index.php\/wp-json\/wp\/v2\/comments?post=17"}],"version-history":[{"count":60,"href":"https:\/\/www.mecanicaromero.cl\/index.php\/wp-json\/wp\/v2\/pages\/17\/revisions"}],"predecessor-version":[{"id":420,"href":"https:\/\/www.mecanicaromero.cl\/index.php\/wp-json\/wp\/v2\/pages\/17\/revisions\/420"}],"wp:attachment":[{"href":"https:\/\/www.mecanicaromero.cl\/index.php\/wp-json\/wp\/v2\/media?parent=17"}],"curies":[{"name":"wp","href":"https:\/\/api.w.org\/{rel}","templated":true}]}}